{"id":380,"date":"2025-05-01T12:07:27","date_gmt":"2025-05-01T12:07:27","guid":{"rendered":"https:\/\/hole-in-the-world.upvision.site\/blog\/"},"modified":"2025-06-09T12:16:30","modified_gmt":"2025-06-09T12:16:30","slug":"blog","status":"publish","type":"page","link":"https:\/\/hole-in-the-world.upvision.site\/cs\/blog\/","title":{"rendered":"Blog"},"content":{"rendered":"<p>Pom\u00e1h\u00e1me dom\u00e1cnostem a firm\u00e1m sn\u00ed\u017eit n\u00e1klady a zv\u00fd\u0161it pohodl\u00ed pomoc\u00ed modern\u00edch technologi\u00ed. Zam\u011b\u0159ujeme se na kvalitu, efektivitu a udr\u017eitelnost a poskytujeme \u0159e\u0161en\u00ed, na kter\u00e1 se m\u016f\u017eete spolehnout.<\/p>\n","protected":false},"excerpt":{"rendered":"<p>Pom\u00e1h\u00e1me dom\u00e1cnostem a firm\u00e1m sn\u00ed\u017eit n\u00e1klady a zv\u00fd\u0161it pohodl\u00ed pomoc\u00ed modern\u00edch technologi\u00ed. Zam\u011b\u0159ujeme se na kvalitu, efektivitu a udr\u017eitelnost a poskytujeme \u0159e\u0161en\u00ed, na kter\u00e1 se m\u016f\u017eete spolehnout.<\/p>\n","protected":false},"author":1,"featured_media":0,"parent":0,"menu_order":0,"comment_status":"closed","ping_status":"closed","template":"template-blog.php","meta":{"_acf_changed":false,"inline_featured_image":false,"footnotes":""},"class_list":["post-380","page","type-page","status-publish","hentry"],"acf":[],"_links":{"self":[{"href":"https:\/\/hole-in-the-world.upvision.site\/cs\/wp-json\/wp\/v2\/pages\/380","targetHints":{"allow":["GET"]}}],"collection":[{"href":"https:\/\/hole-in-the-world.upvision.site\/cs\/wp-json\/wp\/v2\/pages"}],"about":[{"href":"https:\/\/hole-in-the-world.upvision.site\/cs\/wp-json\/wp\/v2\/types\/page"}],"author":[{"embeddable":true,"href":"https:\/\/hole-in-the-world.upvision.site\/cs\/wp-json\/wp\/v2\/users\/1"}],"replies":[{"embeddable":true,"href":"https:\/\/hole-in-the-world.upvision.site\/cs\/wp-json\/wp\/v2\/comments?post=380"}],"version-history":[{"count":1,"href":"https:\/\/hole-in-the-world.upvision.site\/cs\/wp-json\/wp\/v2\/pages\/380\/revisions"}],"predecessor-version":[{"id":381,"href":"https:\/\/hole-in-the-world.upvision.site\/cs\/wp-json\/wp\/v2\/pages\/380\/revisions\/381"}],"wp:attachment":[{"href":"https:\/\/hole-in-the-world.upvision.site\/cs\/wp-json\/wp\/v2\/media?parent=380"}],"curies":[{"name":"wp","href":"https:\/\/api.w.org\/{rel}","templated":true}]}}