{"id":382,"date":"2025-05-25T19:13:03","date_gmt":"2025-05-25T19:13:03","guid":{"rendered":"https:\/\/hole-in-the-world.upvision.site\/cenova-nabidka\/"},"modified":"2025-06-09T12:16:31","modified_gmt":"2025-06-09T12:16:31","slug":"cenova-nabidka","status":"publish","type":"page","link":"https:\/\/hole-in-the-world.upvision.site\/cs\/cenova-nabidka\/","title":{"rendered":"Cenov\u00e1 nab\u00eddka"},"content":{"rendered":"<p>M\u00e1te-li z\u00e1jem o cenovou nab\u00eddku na\u0161ich slu\u017eeb nebo v\u00fdrobk\u016f, vypl\u0148te pros\u00edm n\u00ed\u017ee uveden\u00fd formul\u00e1\u0159 a my v\u00e1m p\u0159iprav\u00edme individu\u00e1ln\u00ed nab\u00eddku podle va\u0161ich po\u017eadavk\u016f.<\/p>\n","protected":false},"excerpt":{"rendered":"<p>M\u00e1te-li z\u00e1jem o cenovou nab\u00eddku na\u0161ich slu\u017eeb nebo v\u00fdrobk\u016f, vypl\u0148te pros\u00edm n\u00ed\u017ee uveden\u00fd formul\u00e1\u0159 a my v\u00e1m p\u0159iprav\u00edme individu\u00e1ln\u00ed nab\u00eddku podle va\u0161ich po\u017eadavk\u016f.<\/p>\n","protected":false},"author":1,"featured_media":0,"parent":0,"menu_order":0,"comment_status":"closed","ping_status":"closed","template":"template-cenova-ponuka.php","meta":{"_acf_changed":false,"inline_featured_image":false,"footnotes":""},"class_list":["post-382","page","type-page","status-publish","hentry"],"acf":[],"_links":{"self":[{"href":"https:\/\/hole-in-the-world.upvision.site\/cs\/wp-json\/wp\/v2\/pages\/382","targetHints":{"allow":["GET"]}}],"collection":[{"href":"https:\/\/hole-in-the-world.upvision.site\/cs\/wp-json\/wp\/v2\/pages"}],"about":[{"href":"https:\/\/hole-in-the-world.upvision.site\/cs\/wp-json\/wp\/v2\/types\/page"}],"author":[{"embeddable":true,"href":"https:\/\/hole-in-the-world.upvision.site\/cs\/wp-json\/wp\/v2\/users\/1"}],"replies":[{"embeddable":true,"href":"https:\/\/hole-in-the-world.upvision.site\/cs\/wp-json\/wp\/v2\/comments?post=382"}],"version-history":[{"count":1,"href":"https:\/\/hole-in-the-world.upvision.site\/cs\/wp-json\/wp\/v2\/pages\/382\/revisions"}],"predecessor-version":[{"id":413,"href":"https:\/\/hole-in-the-world.upvision.site\/cs\/wp-json\/wp\/v2\/pages\/382\/revisions\/413"}],"wp:attachment":[{"href":"https:\/\/hole-in-the-world.upvision.site\/cs\/wp-json\/wp\/v2\/media?parent=382"}],"curies":[{"name":"wp","href":"https:\/\/api.w.org\/{rel}","templated":true}]}}