{"id":383,"date":"2025-05-25T19:13:20","date_gmt":"2025-05-25T19:13:20","guid":{"rendered":"https:\/\/hole-in-the-world.upvision.site\/zasady-pouzivani-souboru-cookie\/"},"modified":"2025-05-25T19:13:20","modified_gmt":"2025-05-25T19:13:20","slug":"zasady-pouzivani-souboru-cookie","status":"publish","type":"page","link":"https:\/\/hole-in-the-world.upvision.site\/cs\/zasady-pouzivani-souboru-cookie\/","title":{"rendered":"Z\u00e1sady pou\u017e\u00edv\u00e1n\u00ed soubor\u016f cookie"},"content":{"rendered":"<p>Tyto z\u00e1sady v\u00e1m poskytuj\u00ed i dal\u0161\u00ed relevantn\u00ed informace o zpracov\u00e1n\u00ed va\u0161ich osobn\u00edch \u00fadaj\u016f a pln\u00ed tak informa\u010dn\u00ed povinnost spr\u00e1vce podle \u010dl\u00e1nku 13 a \u010dl\u00e1nku 14 Na\u0159\u00edzen\u00ed t\u00fdkaj\u00edc\u00ed se zpracov\u00e1n\u00ed osobn\u00edch \u00fadaj\u016f na webov\u00fdch str\u00e1nk\u00e1ch. Podm\u00ednky zpracov\u00e1n\u00ed osobn\u00edch \u00fadaj\u016f, ke kter\u00e9mu doch\u00e1z\u00ed mimo webov\u00e9 str\u00e1nky nebo v r\u00e1mci b\u011b\u017en\u00e9 \u010dinnosti spr\u00e1vce, jsou upraveny v obecn\u00fdch z\u00e1sad\u00e1ch ochrany osobn\u00edch \u00fadaj\u016f spr\u00e1vce a v dal\u0161\u00edch vnit\u0159n\u00edch p\u0159edpisech spr\u00e1vce o ochran\u011b osobn\u00edch \u00fadaj\u016f. <\/p>\n<h3>P\u0159i \u00faprav\u00e1ch pou\u017eijte tuto vzorovou tabulku, nejl\u00e9pe zkop\u00edrovanou z k\u00f3du tabu.<\/h3>\n<p>Spr\u00e1vce zpracov\u00e1v\u00e1 va\u0161e osobn\u00ed \u00fadaje v <strong>souladu se z\u00e1sadou minimalizace<\/strong> v\u017edy pouze pro opr\u00e1vn\u011bn\u00e9 \u00fa\u010dely, po omezenou dobu stanovenou v souladu s platn\u00fdmi pr\u00e1vn\u00edmi p\u0159edpisy a s vyu\u017eit\u00edm maxim\u00e1ln\u00ed mo\u017en\u00e9 \u00farovn\u011b zabezpe\u010den\u00ed. <strong>Spr\u00e1vce zpracov\u00e1v\u00e1 osobn\u00ed \u00fadaje pouze v p\u0159\u00edpad\u011b, \u017ee pro jejich zpracov\u00e1n\u00ed existuje pr\u00e1vn\u00ed z\u00e1klad, a jsou tedy zpracov\u00e1v\u00e1ny v souladu se z\u00e1sadou z\u00e1konnosti.<\/strong> Konkr\u00e9tn\u00ed \u00fa\u010dely, pr\u00e1vn\u00ed z\u00e1klady, kategorie osobn\u00edch \u00fadaj\u016f a informace o dob\u011b uchov\u00e1v\u00e1n\u00ed osobn\u00edch \u00fadaj\u016f naleznete v n\u00ed\u017ee uveden\u00e9 tabulce. Spr\u00e1vce \u00fadaj\u016f v\u00e1m tak\u00e9 poskytne dal\u0161\u00ed informace o dob\u011b uchov\u00e1v\u00e1n\u00ed va\u0161ich osobn\u00edch \u00fadaj\u016f, pokud si je vy\u017e\u00e1d\u00e1te. <\/p>\n<div style=\"overflow-x: auto;\">\n<table>\n<tr>\n<th>Jm\u00e9no<\/th>\n<th>P\u0159\u00edjmen\u00ed<\/th>\n<th>Body<\/th>\n<th>Body<\/th>\n<th>Body<\/th>\n<th>Body<\/th>\n<th>Body<\/th>\n<th>Body<\/th>\n<th>Body<\/th>\n<th>Body<\/th>\n<th>Body<\/th>\n<th>Body<\/th>\n<\/tr>\n<tr>\n<td>Jill<\/td>\n<td>Smith<\/td>\n<td>50<\/td>\n<td>50<\/td>\n<td>50<\/td>\n<td>50<\/td>\n<td>50<\/td>\n<td>50<\/td>\n<td>50<\/td>\n<td>50<\/td>\n<td>50<\/td>\n<td>50<\/td>\n<\/tr>\n<tr>\n<td>Eva<\/td>\n<td>Jackson<\/td>\n<td>94<\/td>\n<td>94<\/td>\n<td>94<\/td>\n<td>94<\/td>\n<td>94<\/td>\n<td>94<\/td>\n<td>94<\/td>\n<td>94<\/td>\n<td>94<\/td>\n<td>94<\/td>\n<\/tr>\n<tr>\n<td>Adam<\/td>\n<td>Johnson<\/td>\n<td>67<\/td>\n<td>67<\/td>\n<td>67<\/td>\n<td>67<\/td>\n<td>67<\/td>\n<td>67<\/td>\n<td>67<\/td>\n<td>67<\/td>\n<td>67<\/td>\n<td>67<\/td>\n<\/tr>\n<\/table>\n<\/div>\n","protected":false},"excerpt":{"rendered":"<p>Tyto z\u00e1sady v\u00e1m poskytuj\u00ed i dal\u0161\u00ed relevantn\u00ed informace o zpracov\u00e1n\u00ed va\u0161ich osobn\u00edch \u00fadaj\u016f a pln\u00ed tak informa\u010dn\u00ed povinnost spr\u00e1vce podle \u010dl\u00e1nku 13 a \u010dl\u00e1nku 14 Na\u0159\u00edzen\u00ed t\u00fdkaj\u00edc\u00ed se zpracov\u00e1n\u00ed osobn\u00edch \u00fadaj\u016f na webov\u00fdch str\u00e1nk\u00e1ch. Podm\u00ednky zpracov\u00e1n\u00ed osobn\u00edch \u00fadaj\u016f, ke kter\u00e9mu doch\u00e1z\u00ed mimo webov\u00e9 str\u00e1nky nebo v r\u00e1mci b\u011b\u017en\u00e9 \u010dinnosti spr\u00e1vce, jsou upraveny v obecn\u00fdch z\u00e1sad\u00e1ch [&hellip;]<\/p>\n","protected":false},"author":1,"featured_media":0,"parent":0,"menu_order":0,"comment_status":"closed","ping_status":"closed","template":"template-gdpr.php","meta":{"_acf_changed":false,"inline_featured_image":false,"footnotes":""},"class_list":["post-383","page","type-page","status-publish","hentry"],"acf":[],"_links":{"self":[{"href":"https:\/\/hole-in-the-world.upvision.site\/cs\/wp-json\/wp\/v2\/pages\/383","targetHints":{"allow":["GET"]}}],"collection":[{"href":"https:\/\/hole-in-the-world.upvision.site\/cs\/wp-json\/wp\/v2\/pages"}],"about":[{"href":"https:\/\/hole-in-the-world.upvision.site\/cs\/wp-json\/wp\/v2\/types\/page"}],"author":[{"embeddable":true,"href":"https:\/\/hole-in-the-world.upvision.site\/cs\/wp-json\/wp\/v2\/users\/1"}],"replies":[{"embeddable":true,"href":"https:\/\/hole-in-the-world.upvision.site\/cs\/wp-json\/wp\/v2\/comments?post=383"}],"version-history":[{"count":0,"href":"https:\/\/hole-in-the-world.upvision.site\/cs\/wp-json\/wp\/v2\/pages\/383\/revisions"}],"wp:attachment":[{"href":"https:\/\/hole-in-the-world.upvision.site\/cs\/wp-json\/wp\/v2\/media?parent=383"}],"curies":[{"name":"wp","href":"https:\/\/api.w.org\/{rel}","templated":true}]}}