{"id":575,"date":"2025-06-12T10:31:55","date_gmt":"2025-06-12T10:31:55","guid":{"rendered":"https:\/\/hole-in-the-world.upvision.site\/blog\/"},"modified":"2025-06-12T10:31:55","modified_gmt":"2025-06-12T10:31:55","slug":"blog","status":"publish","type":"page","link":"https:\/\/hole-in-the-world.upvision.site\/de\/blog\/","title":{"rendered":"Blog"},"content":{"rendered":"<p>Wir helfen Haushalten und Unternehmen, Kosten zu senken und den Komfort mit moderner Technologie zu erh\u00f6hen. Mit dem Fokus auf Qualit\u00e4t, Effizienz und Nachhaltigkeit liefern wir L\u00f6sungen, auf die Sie sich verlassen k\u00f6nnen. <\/p>\n","protected":false},"excerpt":{"rendered":"<p>Wir helfen Haushalten und Unternehmen, Kosten zu senken und den Komfort mit moderner Technologie zu erh\u00f6hen. Mit dem Fokus auf Qualit\u00e4t, Effizienz und Nachhaltigkeit liefern wir L\u00f6sungen, auf die Sie sich verlassen k\u00f6nnen.<\/p>\n","protected":false},"author":1,"featured_media":0,"parent":0,"menu_order":0,"comment_status":"closed","ping_status":"closed","template":"template-blog.php","meta":{"_acf_changed":false,"inline_featured_image":false,"footnotes":""},"class_list":["post-575","page","type-page","status-publish","hentry"],"acf":[],"_links":{"self":[{"href":"https:\/\/hole-in-the-world.upvision.site\/de\/wp-json\/wp\/v2\/pages\/575","targetHints":{"allow":["GET"]}}],"collection":[{"href":"https:\/\/hole-in-the-world.upvision.site\/de\/wp-json\/wp\/v2\/pages"}],"about":[{"href":"https:\/\/hole-in-the-world.upvision.site\/de\/wp-json\/wp\/v2\/types\/page"}],"author":[{"embeddable":true,"href":"https:\/\/hole-in-the-world.upvision.site\/de\/wp-json\/wp\/v2\/users\/1"}],"replies":[{"embeddable":true,"href":"https:\/\/hole-in-the-world.upvision.site\/de\/wp-json\/wp\/v2\/comments?post=575"}],"version-history":[{"count":0,"href":"https:\/\/hole-in-the-world.upvision.site\/de\/wp-json\/wp\/v2\/pages\/575\/revisions"}],"wp:attachment":[{"href":"https:\/\/hole-in-the-world.upvision.site\/de\/wp-json\/wp\/v2\/media?parent=575"}],"curies":[{"name":"wp","href":"https:\/\/api.w.org\/{rel}","templated":true}]}}