{"id":587,"date":"2025-06-12T10:31:58","date_gmt":"2025-06-12T10:31:58","guid":{"rendered":"https:\/\/hole-in-the-world.upvision.site\/preisangebot\/"},"modified":"2025-06-12T10:31:58","modified_gmt":"2025-06-12T10:31:58","slug":"preisangebot","status":"publish","type":"page","link":"https:\/\/hole-in-the-world.upvision.site\/de\/preisangebot\/","title":{"rendered":"Preisangebot"},"content":{"rendered":"<p>Wenn Sie an einem Angebot f\u00fcr unsere Dienstleistungen oder Produkte interessiert sind, f\u00fcllen Sie bitte das untenstehende Formular aus und wir werden Ihnen ein individuelles Angebot gem\u00e4\u00df Ihren Anforderungen erstellen.<\/p>\n","protected":false},"excerpt":{"rendered":"<p>Wenn Sie an einem Angebot f\u00fcr unsere Dienstleistungen oder Produkte interessiert sind, f\u00fcllen Sie bitte das untenstehende Formular aus und wir werden Ihnen ein individuelles Angebot gem\u00e4\u00df Ihren Anforderungen erstellen.<\/p>\n","protected":false},"author":1,"featured_media":0,"parent":0,"menu_order":0,"comment_status":"closed","ping_status":"closed","template":"template-cenova-ponuka.php","meta":{"_acf_changed":false,"inline_featured_image":false,"footnotes":""},"class_list":["post-587","page","type-page","status-publish","hentry"],"acf":[],"_links":{"self":[{"href":"https:\/\/hole-in-the-world.upvision.site\/de\/wp-json\/wp\/v2\/pages\/587","targetHints":{"allow":["GET"]}}],"collection":[{"href":"https:\/\/hole-in-the-world.upvision.site\/de\/wp-json\/wp\/v2\/pages"}],"about":[{"href":"https:\/\/hole-in-the-world.upvision.site\/de\/wp-json\/wp\/v2\/types\/page"}],"author":[{"embeddable":true,"href":"https:\/\/hole-in-the-world.upvision.site\/de\/wp-json\/wp\/v2\/users\/1"}],"replies":[{"embeddable":true,"href":"https:\/\/hole-in-the-world.upvision.site\/de\/wp-json\/wp\/v2\/comments?post=587"}],"version-history":[{"count":0,"href":"https:\/\/hole-in-the-world.upvision.site\/de\/wp-json\/wp\/v2\/pages\/587\/revisions"}],"wp:attachment":[{"href":"https:\/\/hole-in-the-world.upvision.site\/de\/wp-json\/wp\/v2\/media?parent=587"}],"curies":[{"name":"wp","href":"https:\/\/api.w.org\/{rel}","templated":true}]}}