{"id":588,"date":"2025-06-12T10:31:58","date_gmt":"2025-06-12T10:31:58","guid":{"rendered":"https:\/\/hole-in-the-world.upvision.site\/datenschutzbestimmungen\/"},"modified":"2025-06-12T10:31:58","modified_gmt":"2025-06-12T10:31:58","slug":"datenschutzbestimmungen","status":"publish","type":"page","link":"https:\/\/hole-in-the-world.upvision.site\/de\/datenschutzbestimmungen\/","title":{"rendered":"Datenschutzbestimmungen"},"content":{"rendered":"<p>Diese Richtlinie bietet Ihnen auch andere relevante Informationen \u00fcber die Verarbeitung Ihrer personenbezogenen Daten und erf\u00fcllt damit die Informationspflicht des f\u00fcr die Verarbeitung Verantwortlichen gem\u00e4\u00df Artikel 13 sowie Artikel 14 der Verordnung \u00fcber die Verarbeitung personenbezogener Daten auf der Website. Die Bedingungen f\u00fcr die Verarbeitung personenbezogener Daten, die au\u00dferhalb der Website oder im Rahmen der normalen Gesch\u00e4ftst\u00e4tigkeit des f\u00fcr die Verarbeitung Verantwortlichen erfolgt, sind in der allgemeinen Datenschutzpolitik des f\u00fcr die Verarbeitung Verantwortlichen und in anderen internen Datenschutzbestimmungen des f\u00fcr die Verarbeitung Verantwortlichen geregelt. <\/p>\n<h3>Bitte verwenden Sie bei der Bearbeitung diese Beispieltabelle, vorzugsweise aus dem Tabu-Code kopiert<\/h3>\n<p>Der f\u00fcr die Verarbeitung Verantwortliche verarbeitet Ihre personenbezogenen Daten gem\u00e4\u00df dem <strong>Grundsatz der Datenminimierung<\/strong> stets nur f\u00fcr gerechtfertigte Zwecke, f\u00fcr einen begrenzten Zeitraum, der im Einklang mit dem geltenden Recht festgelegt wird, und unter Verwendung des h\u00f6chstm\u00f6glichen Sicherheitsniveaus. <strong>Der f\u00fcr die Verarbeitung Verantwortliche verarbeitet personenbezogene Daten nur dann, wenn es eine Rechtsgrundlage f\u00fcr die Verarbeitung gibt und sie daher nach dem Grundsatz der Rechtm\u00e4\u00dfigkeit verarbeitet werden.<\/strong> Die konkreten Zwecke, Rechtsgrundlagen, Kategorien personenbezogener Daten und Informationen \u00fcber die Aufbewahrungsfristen Ihrer personenbezogenen Daten entnehmen Sie bitte der nachstehenden Tabelle. Der f\u00fcr die Datenverarbeitung Verantwortliche wird Ihnen auch weitere Informationen \u00fcber die Aufbewahrungsfrist Ihrer personenbezogenen Daten geben, wenn Sie dies w\u00fcnschen. <\/p>\n<div style=\"overflow-x: auto;\">\n<table>\n<tr>\n<th>Vorname<\/th>\n<th>Nachname<\/th>\n<th>Punkte<\/th>\n<th>Punkte<\/th>\n<th>Punkte<\/th>\n<th>Punkte<\/th>\n<th>Punkte<\/th>\n<th>Punkte<\/th>\n<th>Punkte<\/th>\n<th>Punkte<\/th>\n<th>Punkte<\/th>\n<th>Punkte<\/th>\n<\/tr>\n<tr>\n<td>Jill<\/td>\n<td>Smith<\/td>\n<td>50<\/td>\n<td>50<\/td>\n<td>50<\/td>\n<td>50<\/td>\n<td>50<\/td>\n<td>50<\/td>\n<td>50<\/td>\n<td>50<\/td>\n<td>50<\/td>\n<td>50<\/td>\n<\/tr>\n<tr>\n<td>Eva<\/td>\n<td>Jackson<\/td>\n<td>94<\/td>\n<td>94<\/td>\n<td>94<\/td>\n<td>94<\/td>\n<td>94<\/td>\n<td>94<\/td>\n<td>94<\/td>\n<td>94<\/td>\n<td>94<\/td>\n<td>94<\/td>\n<\/tr>\n<tr>\n<td>Adam<\/td>\n<td>Johnson<\/td>\n<td>67<\/td>\n<td>67<\/td>\n<td>67<\/td>\n<td>67<\/td>\n<td>67<\/td>\n<td>67<\/td>\n<td>67<\/td>\n<td>67<\/td>\n<td>67<\/td>\n<td>67<\/td>\n<\/tr>\n<\/table>\n<\/div>\n","protected":false},"excerpt":{"rendered":"<p>Diese Richtlinie bietet Ihnen auch andere relevante Informationen \u00fcber die Verarbeitung Ihrer personenbezogenen Daten und erf\u00fcllt damit die Informationspflicht des f\u00fcr die Verarbeitung Verantwortlichen gem\u00e4\u00df Artikel 13 sowie Artikel 14 der Verordnung \u00fcber die Verarbeitung personenbezogener Daten auf der Website. Die Bedingungen f\u00fcr die Verarbeitung personenbezogener Daten, die au\u00dferhalb der Website oder im Rahmen der [&hellip;]<\/p>\n","protected":false},"author":1,"featured_media":0,"parent":0,"menu_order":0,"comment_status":"closed","ping_status":"closed","template":"template-gdpr.php","meta":{"_acf_changed":false,"inline_featured_image":false,"footnotes":""},"class_list":["post-588","page","type-page","status-publish","hentry"],"acf":[],"_links":{"self":[{"href":"https:\/\/hole-in-the-world.upvision.site\/de\/wp-json\/wp\/v2\/pages\/588","targetHints":{"allow":["GET"]}}],"collection":[{"href":"https:\/\/hole-in-the-world.upvision.site\/de\/wp-json\/wp\/v2\/pages"}],"about":[{"href":"https:\/\/hole-in-the-world.upvision.site\/de\/wp-json\/wp\/v2\/types\/page"}],"author":[{"embeddable":true,"href":"https:\/\/hole-in-the-world.upvision.site\/de\/wp-json\/wp\/v2\/users\/1"}],"replies":[{"embeddable":true,"href":"https:\/\/hole-in-the-world.upvision.site\/de\/wp-json\/wp\/v2\/comments?post=588"}],"version-history":[{"count":0,"href":"https:\/\/hole-in-the-world.upvision.site\/de\/wp-json\/wp\/v2\/pages\/588\/revisions"}],"wp:attachment":[{"href":"https:\/\/hole-in-the-world.upvision.site\/de\/wp-json\/wp\/v2\/media?parent=588"}],"curies":[{"name":"wp","href":"https:\/\/api.w.org\/{rel}","templated":true}]}}